{"id":2573,"date":"2014-07-22T01:29:42","date_gmt":"2014-07-21T16:29:42","guid":{"rendered":"http:\/\/riverstone-roofing.com\/test2020\/?page_id=2573"},"modified":"2018-12-01T13:03:05","modified_gmt":"2018-12-01T04:03:05","slug":"contact","status":"publish","type":"page","link":"http:\/\/riverstone-roofing.com\/test2020\/contact\/","title":{"rendered":"\u304a\u554f\u3044\u5408\u308f\u305b"},"content":{"rendered":"<div class=\"sec secContact\">\n<h3 class=\"ttlh301\"><span>\u304a\u554f\u5408\u308f\u305b\u30d5\u30a9\u30fc\u30e0<\/span><\/h3>\n<div class=\"inner\">\u203b\u306a\u308b\u3079\u304f\u8fc5\u901f\u306b\u3054\u8fd4\u7b54\u3044\u305f\u3057\u307e\u3059\u304c\u3001\u30d5\u30a9\u30fc\u30e0\u9001\u4fe1\u5f8c\u4e07\u304c\u4e00\u3001\u4e00\u9031\u9593\u7d4c\u3063\u3066\u3082\u8fd4\u4fe1\u30e1\u30fc\u30eb\u304c\u5c4a\u304b\u306a\u3044\u5834\u5408\u306f\u3001\u307e\u308c\u306b<span style=\"color: rgb(255, 0, 0);\">\u304a\u5ba2\u69d8\u306e\u300c\u8ff7\u60d1\u30e1\u30fc\u30eb\u300d\u306e\u30d5\u30a9\u30eb\u30c0\u306b\u5165\u3063\u3066\u3044\u308b\u5834\u5408\u304c\u3054\u3056\u3044\u307e\u3059\u3002<\/span><\/div>\n<div class=\"inner\">\u3044\u307e\u4e00\u5ea6\u3001\u300c\u8ff7\u60d1\u30e1\u30fc\u30eb\u30d5\u30a9\u30eb\u30c0\u300d\u3092\u3054\u78ba\u8a8d\u3044\u305f\u3060\u304f\u304b\u3001\u304a\u96fb\u8a71\u3067\u304a\u554f\u3044\u5408\u308f\u305b\u3044\u305f\u3060\u3051\u308c\u3070\u5e78\u3044\u3067\u3059\u3002<\/div>\n<div class=\"inner\"><div role=\"form\" class=\"wpcf7\" id=\"wpcf7-f58345-o1\" lang=\"ja\" dir=\"ltr\">\n<div class=\"screen-reader-response\"><p role=\"status\" aria-live=\"polite\" aria-atomic=\"true\"><\/p> <ul><\/ul><\/div>\n<form action=\"\/test2020\/wp-json\/wp\/v2\/pages\/2573#wpcf7-f58345-o1\" method=\"post\" class=\"wpcf7-form init\" enctype=\"multipart\/form-data\" novalidate=\"novalidate\" data-status=\"init\">\n<div style=\"display: none;\">\n<input type=\"hidden\" name=\"_wpcf7\" value=\"58345\" \/>\n<input type=\"hidden\" name=\"_wpcf7_version\" value=\"5.4.2\" \/>\n<input type=\"hidden\" name=\"_wpcf7_locale\" value=\"ja\" \/>\n<input type=\"hidden\" name=\"_wpcf7_unit_tag\" value=\"wpcf7-f58345-o1\" \/>\n<input type=\"hidden\" name=\"_wpcf7_container_post\" value=\"0\" \/>\n<input type=\"hidden\" name=\"_wpcf7_posted_data_hash\" value=\"\" \/>\n<input type=\"hidden\" name=\"_wpcf7_recaptcha_response\" value=\"\" \/>\n<\/div>\n<table class=\"table table-bordered table-striped table-contactform7\">\n<tr>\n<th><span class=\"required-contactform7\">\u5fc5\u9808<\/span><span class=\"title-contactform7\">\u25a0\u304a\u540d\u524d(\u30cb\u30c3\u30af\u30cd\u30fc\u30e0)<\/span><\/th>\n<td><span class=\"wpcf7-form-control-wrap your-name\"><input type=\"text\" name=\"your-name\" value=\"\" size=\"40\" class=\"wpcf7-form-control wpcf7-text wpcf7-validates-as-required\" aria-required=\"true\" aria-invalid=\"false\" placeholder=\"\u4f8b\uff1a\u77f3\u5ddd\u3000\u592a\u90ce\" \/><\/span> <\/td>\n<\/tr>\n<tr>\n<th><span class=\"title-contactform7\">\u25a0\u3075\u308a\u304c\u306a<\/span><\/th>\n<td><span class=\"wpcf7-form-control-wrap your-furigana\"><input type=\"text\" name=\"your-furigana\" value=\"\" size=\"40\" class=\"wpcf7-form-control wpcf7-text\" aria-invalid=\"false\" placeholder=\"\u4f8b\uff1a\u3044\u3057\u304b\u308f\u3000\u305f\u308d\u3046\" \/><\/span> <\/td>\n<\/tr>\n<tr>\n<th><span class=\"required-contactform7\">\u5fc5\u9808<\/span><span class=\"title-contactform7\">\u25a0\u30e1\u30fc\u30eb\u30a2\u30c9\u30ec\u30b9<\/span><\/th>\n<td><span class=\"wpcf7-form-control-wrap your-email\"><input type=\"email\" name=\"your-email\" value=\"\" size=\"40\" class=\"wpcf7-form-control wpcf7-text wpcf7-email wpcf7-validates-as-required wpcf7-validates-as-email\" aria-required=\"true\" aria-invalid=\"false\" placeholder=\"\u4f8b\uff1a\u00d7\u00d7\u00d7@\u00d7\u00d7\u00d7.com\" \/><\/span><\/td>\n<\/tr>\n<tr>\n<th><span class=\"title-contactform7\">\u25a0\u304a\u96fb\u8a71\u756a\u53f7<\/span><br>\u203b\u304a\u96fb\u8a71\u3067\u306e\u3054\u76f8\u8ac7\u3092\u3054\u5e0c\u671b\u306e\u65b9<\/th>\n<td><span class=\"wpcf7-form-control-wrap your-tel\"><input type=\"text\" name=\"your-tel\" value=\"\" size=\"40\" class=\"wpcf7-form-control wpcf7-text\" aria-invalid=\"false\" placeholder=\"\u4f8b\uff1a03-3785-1616\" \/><\/span><\/td>\n<\/tr>\n<tr>\n<th><span class=\"required-contactform7\">\u5fc5\u9808<\/span><span class=\"title-contactform7\">\u25a0\u304a\u554f\u3044\u5408\u308f\u305b\u5185\u5bb9<\/span><\/th>\n<td><span class=\"wpcf7-form-control-wrap toiawase-naiyou\"><span class=\"wpcf7-form-control wpcf7-checkbox wpcf7-validates-as-required\"><span class=\"wpcf7-list-item first\"><label><input type=\"checkbox\" name=\"toiawase-naiyou[]\" value=\"\u96e8\u6f0f\u308a\u3057\u3066\u3044\u308b\" \/><span class=\"wpcf7-list-item-label\">\u96e8\u6f0f\u308a\u3057\u3066\u3044\u308b<\/span><\/label><\/span><span class=\"wpcf7-list-item\"><label><input type=\"checkbox\" name=\"toiawase-naiyou[]\" value=\"\u96e8\u3069\u3044\u306b\u3064\u3044\u3066\" \/><span class=\"wpcf7-list-item-label\">\u96e8\u3069\u3044\u306b\u3064\u3044\u3066<\/span><\/label><\/span><span class=\"wpcf7-list-item\"><label><input type=\"checkbox\" name=\"toiawase-naiyou[]\" value=\"\u5c4b\u6839\u306e\u4fee\u7406\u306b\u3064\u3044\u3066\" \/><span class=\"wpcf7-list-item-label\">\u5c4b\u6839\u306e\u4fee\u7406\u306b\u3064\u3044\u3066<\/span><\/label><\/span><span class=\"wpcf7-list-item\"><label><input type=\"checkbox\" name=\"toiawase-naiyou[]\" value=\"\u5c4b\u6839\u6750\u306e\u7570\u5e38\u30fb\u4e0d\u5177\u5408\u306b\u3064\u3044\u3066\" \/><span class=\"wpcf7-list-item-label\">\u5c4b\u6839\u6750\u306e\u7570\u5e38\u30fb\u4e0d\u5177\u5408\u306b\u3064\u3044\u3066<\/span><\/label><\/span><span class=\"wpcf7-list-item\"><label><input type=\"checkbox\" name=\"toiawase-naiyou[]\" value=\"\u901a\u308a\u304c\u304b\u308a\u306e\u696d\u8005\u304b\u3089\u6307\u6458\u3055\u308c\u305f\" \/><span class=\"wpcf7-list-item-label\">\u901a\u308a\u304c\u304b\u308a\u306e\u696d\u8005\u304b\u3089\u6307\u6458\u3055\u308c\u305f<\/span><\/label><\/span><span class=\"wpcf7-list-item\"><label><input type=\"checkbox\" name=\"toiawase-naiyou[]\" value=\"\u5c4b\u6839\u306b\u3064\u3044\u3066\u306e\u76f8\u8ac7\" \/><span class=\"wpcf7-list-item-label\">\u5c4b\u6839\u306b\u3064\u3044\u3066\u306e\u76f8\u8ac7<\/span><\/label><\/span><span class=\"wpcf7-list-item\"><label><input type=\"checkbox\" name=\"toiawase-naiyou[]\" value=\"\u30ea\u30d5\u30a9\u30fc\u30e0\u306e\u76f8\u8ac7\" \/><span class=\"wpcf7-list-item-label\">\u30ea\u30d5\u30a9\u30fc\u30e0\u306e\u76f8\u8ac7<\/span><\/label><\/span><span class=\"wpcf7-list-item\"><label><input type=\"checkbox\" name=\"toiawase-naiyou[]\" value=\"\u5730\u9707\u5bfe\u7b56\u306b\u3064\u3044\u3066\" \/><span class=\"wpcf7-list-item-label\">\u5730\u9707\u5bfe\u7b56\u306b\u3064\u3044\u3066<\/span><\/label><\/span><span class=\"wpcf7-list-item\"><label><input type=\"checkbox\" name=\"toiawase-naiyou[]\" value=\"\u5929\u7a93\uff08\u30c8\u30c3\u30d7\u30e9\u30a4\u30c8\uff09\u306b\u3064\u3044\u3066\" \/><span class=\"wpcf7-list-item-label\">\u5929\u7a93\uff08\u30c8\u30c3\u30d7\u30e9\u30a4\u30c8\uff09\u306b\u3064\u3044\u3066<\/span><\/label><\/span><span class=\"wpcf7-list-item last\"><label><input type=\"checkbox\" name=\"toiawase-naiyou[]\" value=\"\u305d\u306e\u4ed6\uff08\u3054\u76f8\u8ac7\u5185\u5bb9\u8a73\u7d30\u306b\u5185\u5bb9\u3092\u304a\u66f8\u304d\u304f\u3060\u3055\u3044\u3002\uff09\" \/><span class=\"wpcf7-list-item-label\">\u305d\u306e\u4ed6\uff08\u3054\u76f8\u8ac7\u5185\u5bb9\u8a73\u7d30\u306b\u5185\u5bb9\u3092\u304a\u66f8\u304d\u304f\u3060\u3055\u3044\u3002\uff09<\/span><\/label><\/span><\/span><\/span> <\/td>\n<\/tr>\n<tr>\n<th><span class=\"title-contactform7\">\u25a0\u7bc9\u5e74\u6570<br>\u203b\u5c4b\u6839\u306e\u72b6\u614b\u628a\u63e1\u306e\u305f\u3081\u3002<\/span><\/th>\n<td><span class=\"wpcf7-form-control-wrap chikunensu\"><select name=\"chikunensu\" class=\"wpcf7-form-control wpcf7-select\" aria-invalid=\"false\"><option value=\"\u5206\u304b\u3089\u306a\u3044\">\u5206\u304b\u3089\u306a\u3044<\/option><option value=\"5\u5e74\u672a\u6e80\">5\u5e74\u672a\u6e80<\/option><option value=\"5\u5e74\u304b\u308910\u5e74\u672a\u6e80\">5\u5e74\u304b\u308910\u5e74\u672a\u6e80<\/option><option value=\"10\u5e74\u304b\u308915\u5e74\u672a\u6e80\">10\u5e74\u304b\u308915\u5e74\u672a\u6e80<\/option><option value=\"15\u5e74\u304b\u308920\u5e74\u672a\u6e80\">15\u5e74\u304b\u308920\u5e74\u672a\u6e80<\/option><option value=\"20\u5e74\u4ee5\u4e0a\">20\u5e74\u4ee5\u4e0a<\/option><\/select><\/span><\/td>\n<\/tr>\n<tr>\n<th><span class=\"title-contactform7\">\u25a0\u4eca\u306e\u5bb6\u306b\u3042\u3068\u4f55\u5e74\u4f4f\u3080\u4e88\u5b9a\u304b\u3002<br>\u203b\u6700\u9069\u306a\u5de5\u4e8b\u3092\u63d0\u6848\u3057\u307e\u3059\u3002<\/span><\/th>\n<td><span class=\"wpcf7-form-control-wrap yotei\"><select name=\"yotei\" class=\"wpcf7-form-control wpcf7-select\" aria-invalid=\"false\"><option value=\"\u5206\u304b\u3089\u306a\u3044\">\u5206\u304b\u3089\u306a\u3044<\/option><option value=\"5\u5e74\u672a\u6e80\">5\u5e74\u672a\u6e80<\/option><option value=\"5\u5e74\u304b\u308910\u5e74\u672a\u6e80\">5\u5e74\u304b\u308910\u5e74\u672a\u6e80<\/option><option value=\"10\u5e74\u304b\u308915\u5e74\u672a\u6e80\">10\u5e74\u304b\u308915\u5e74\u672a\u6e80<\/option><option value=\"15\u5e74\u304b\u308920\u5e74\u672a\u6e80\">15\u5e74\u304b\u308920\u5e74\u672a\u6e80<\/option><option value=\"20\u5e74\u4ee5\u4e0a\">20\u5e74\u4ee5\u4e0a<\/option><\/select><\/span><\/td>\n<\/tr>\n<tr>\n<th><span class=\"title-contactform7\">\u25a0\u304a\u554f\u3044\u5408\u308f\u305b\u3054\u8a73\u7d30<\/span><\/th>\n<td class=\"message-100\"><span class=\"wpcf7-form-control-wrap your-message\"><textarea name=\"your-message\" cols=\"40\" rows=\"10\" class=\"wpcf7-form-control wpcf7-textarea\" aria-invalid=\"false\"><\/textarea><\/span><\/td>\n<\/tr>\n<tr>\n<th><span class=\"title-contactform7\">\u25a0\u73fe\u5834\u306e\u5199\u771f<\/span><br>\uff15MB\u307e\u3067\u306e\u5199\u771f\u3092\uff13\u679a\u9001\u308c\u307e\u3059<\/th>\n<td>\n<p>\u5199\u771f\uff11<br \/>\n        <span class=\"wpcf7-form-control-wrap your-file_01\"><input type=\"file\" name=\"your-file_01\" size=\"40\" class=\"wpcf7-form-control wpcf7-file\" accept=\".jpg,.jpeg,.png,.gif,.pdf,.doc,.docx,.ppt,.pptx,.odt,.avi,.ogg,.m4a,.mov,.mp3,.mp4,.mpg,.wav,.wmv\" aria-invalid=\"false\" \/><\/span><\/p>\n<p>\u5199\u771f\uff12<br \/>\n        <span class=\"wpcf7-form-control-wrap your-file_02\"><input type=\"file\" name=\"your-file_02\" size=\"40\" class=\"wpcf7-form-control wpcf7-file\" accept=\".jpg,.jpeg,.png,.gif,.pdf,.doc,.docx,.ppt,.pptx,.odt,.avi,.ogg,.m4a,.mov,.mp3,.mp4,.mpg,.wav,.wmv\" aria-invalid=\"false\" \/><\/span><\/p>\n<p>\u5199\u771f\uff13<br \/>\n        <span class=\"wpcf7-form-control-wrap your-file_03\"><input type=\"file\" name=\"your-file_03\" size=\"40\" class=\"wpcf7-form-control wpcf7-file\" accept=\".jpg,.jpeg,.png,.gif,.pdf,.doc,.docx,.ppt,.pptx,.odt,.avi,.ogg,.m4a,.mov,.mp3,.mp4,.mpg,.wav,.wmv\" aria-invalid=\"false\" \/><\/span><\/p>\n<\/td>\n<\/tr>\n<\/table>\n<p class=\"text-xs-center\"><input type=\"submit\" value=\"\u9001\u4fe1\u3059\u308b\" class=\"wpcf7-form-control wpcf7-submit\" \/><\/p>\n<p class=\"wpcf7c-elm-step2\" role=\"alert\">\u5185\u5bb9\u306b\u9593\u9055\u3044\u304c\u306a\u3051\u308c\u3070\u300c\u9001\u4fe1\u300d\u3092\u30af\u30ea\u30c3\u30af\u3057\u3066\u304f\u3060\u3055\u3044\u3002<\/p>\n<p style=\"display: none !important;\"><label>&#916;<textarea name=\"_wpcf7_ak_hp_textarea\" cols=\"45\" rows=\"8\" maxlength=\"100\"><\/textarea><\/label><input type=\"hidden\" id=\"ak_js_1\" name=\"_wpcf7_ak_js\" value=\"12\"\/><script>document.getElementById( \"ak_js_1\" ).setAttribute( \"value\", ( new Date() ).getTime() );<\/script><\/p><div class=\"wpcf7-response-output\" aria-hidden=\"true\"><\/div><\/form><\/div><\/div>\n<div class=\"inner\"><strong>\u571f\u65e5\u795d\u65e5\u3082\u5bfe\u5fdc\uff01\u3000<a href=\"tel:0337851616\">03-3785-1616<\/a><\/strong><\/div>\n<h4 class=\"ttlh402\">\u25bc\u304a\u96fb\u8a71\u3067\u3088\u304f\u3054\u76f8\u8ac7\u3044\u305f\u3060\u304f\u8cea\u554f\u306f\u4ee5\u4e0b\u306b\u307e\u3068\u3081\u307e\u3057\u305f\u25bc<\/h4>\n<p><a href=\"http:\/\/riverstone-roofing.com\/test2020\/reconew\/\" target=\"_blank\"><img class=\"size-full wp-image-9077\" alt=\"\u4eca\u65e5\u306e\u304a\u554f\u3044\u5408\u308f\u305b\u306f\u3053\u3061\u3089\u304b\u3089\" src=\"http:\/\/riverstone-roofing.com\/test2020\/wp-content\/uploads\/2016\/06\/e72b033e2c086c23c842bbe6365a3c50.jpg\" \/><\/a><\/p>\n<p><!-- \/.inner --><\/div>\n<p><!-- \/.sec --><\/p>\n<p>&nbsp;<\/p>\n","protected":false},"excerpt":{"rendered":"<p>\u304a\u554f\u5408\u308f\u305b\u30d5\u30a9\u30fc\u30e0 \u203b\u306a\u308b\u3079\u304f\u8fc5\u901f\u306b\u3054\u8fd4\u7b54\u3044\u305f\u3057\u307e\u3059\u304c\u3001\u30d5\u30a9\u30fc\u30e0\u9001\u4fe1\u5f8c\u4e07\u304c\u4e00\u3001\u4e00\u9031\u9593\u7d4c\u3063\u3066\u3082\u8fd4\u4fe1\u30e1\u30fc\u30eb\u304c\u5c4a\u304b\u306a\u3044\u5834\u5408\u306f\u3001\u307e\u308c\u306b\u304a\u5ba2\u69d8\u306e\u300c\u8ff7\u60d1\u30e1\u30fc\u30eb\u300d\u306e\u30d5\u30a9\u30eb\u30c0\u306b\u5165\u3063\u3066\u3044\u308b\u5834\u5408\u304c\u3054\u3056\u3044\u307e\u3059\u3002 \u3044\u307e\u4e00\u5ea6\u3001\u300c\u8ff7\u60d1\u30e1\u30fc\u30eb\u30d5\u30a9\u30eb\u30c0 [&hellip;]<\/p>\n","protected":false},"author":1,"featured_media":61562,"parent":0,"menu_order":0,"comment_status":"closed","ping_status":"closed","template":"","meta":[],"acf":[],"amp_enabled":true,"_links":{"self":[{"href":"http:\/\/riverstone-roofing.com\/test2020\/wp-json\/wp\/v2\/pages\/2573"}],"collection":[{"href":"http:\/\/riverstone-roofing.com\/test2020\/wp-json\/wp\/v2\/pages"}],"about":[{"href":"http:\/\/riverstone-roofing.com\/test2020\/wp-json\/wp\/v2\/types\/page"}],"author":[{"embeddable":true,"href":"http:\/\/riverstone-roofing.com\/test2020\/wp-json\/wp\/v2\/users\/1"}],"replies":[{"embeddable":true,"href":"http:\/\/riverstone-roofing.com\/test2020\/wp-json\/wp\/v2\/comments?post=2573"}],"version-history":[{"count":0,"href":"http:\/\/riverstone-roofing.com\/test2020\/wp-json\/wp\/v2\/pages\/2573\/revisions"}],"wp:featuredmedia":[{"embeddable":true,"href":"http:\/\/riverstone-roofing.com\/test2020\/wp-json\/wp\/v2\/media\/61562"}],"wp:attachment":[{"href":"http:\/\/riverstone-roofing.com\/test2020\/wp-json\/wp\/v2\/media?parent=2573"}],"curies":[{"name":"wp","href":"https:\/\/api.w.org\/{rel}","templated":true}]}}